{"id":7,"date":"2025-12-06T20:34:12","date_gmt":"2025-12-06T20:34:12","guid":{"rendered":"https:\/\/a-f-e-d.fr\/?page_id=7"},"modified":"2025-12-25T17:17:29","modified_gmt":"2025-12-25T17:17:29","slug":"association-francaise-des-entraineurs-de-dressage","status":"publish","type":"page","link":"https:\/\/a-f-e-d.fr\/","title":{"rendered":"Association Fran\u00e7aise des Entraineurs de Dressage"},"content":{"rendered":"\n<div class=\"wp-block-group alignfull is-style-section-2 has-global-padding is-layout-constrained wp-block-group-is-layout-constrained\" style=\"margin-top:0;margin-bottom:0;padding-top:var(--wp--preset--spacing--60);padding-bottom:var(--wp--preset--spacing--60)\">\n<div class=\"wp-block-columns alignwide is-layout-flex wp-container-core-columns-is-layout-643ced6b wp-block-columns-is-layout-flex\">\n<div class=\"wp-block-column is-layout-flow wp-block-column-is-layout-flow\" style=\"flex-basis:40%\">\n<figure class=\"wp-block-image aligncenter size-full\"><img loading=\"lazy\" decoding=\"async\" width=\"752\" height=\"859\" src=\"https:\/\/a-f-e-d.fr\/wp-content\/uploads\/2025\/12\/logo-afed.jpeg\" alt=\"\" class=\"wp-image-8\" srcset=\"https:\/\/a-f-e-d.fr\/wp-content\/uploads\/2025\/12\/logo-afed.jpeg 752w, https:\/\/a-f-e-d.fr\/wp-content\/uploads\/2025\/12\/logo-afed-263x300.jpeg 263w\" sizes=\"auto, (max-width: 752px) 100vw, 752px\" \/><\/figure>\n<\/div>\n\n\n\n<div class=\"wp-block-column is-vertically-aligned-center is-layout-flow wp-container-core-column-is-layout-119bc444 wp-block-column-is-layout-flow\" style=\"flex-basis:60%\">\n<h2 class=\"wp-block-heading has-text-align-center has-xx-large-font-size\"><strong><strong>Entra\u00eeneurs, rassemblons-nous au sein de l\u2019AFED !<\/strong><\/strong><\/h2>\n\n\n\n<p>Rejoignez l&rsquo;<strong>AFED<\/strong> pour \u00eatre <strong>inform\u00e9s, accompagn\u00e9s et repr\u00e9sent\u00e9s.<\/strong><br>Nous faisons tous face, dans nos structures, aux m\u00eames difficult\u00e9s et aux m\u00eames enjeux, souvent dans l&rsquo;isolement.<br>Il est temps pour nous, professionnels du dressage, de\u00a0:<br><strong>Faire reconna\u00eetre notre profession,<br>Renforcer la formation des entra\u00eeneurs,<br>Faire entendre notre voix,<br>Nous adapter ensembles aux \u00e9volutions de la discipline<br>Contribuer activement \u00e0 l&rsquo;avenir du dressage fran\u00e7ais.<\/strong><\/p>\n\n\n\n<p>En rejoignant l&rsquo;<strong>AFED, <\/strong>vous participez \u00e0 la relance et \u00e0 la valorisation du Dressage, et vous permettez \u00e0 la profession d\u2019\u00eatre\u00a0<strong>mieux entendue par les instances dirigeantes<\/strong>.<\/p>\n<\/div>\n<\/div>\n<\/div>\n\n\n\n<aside class=\"wp-block-group alignfull is-style-section-3 has-global-padding is-layout-constrained wp-container-core-group-is-layout-f0f2a97b wp-block-group-is-layout-constrained\" style=\"margin-top:0;margin-bottom:0;padding-top:var(--wp--preset--spacing--50);padding-right:var(--wp--preset--spacing--50);padding-bottom:var(--wp--preset--spacing--50);padding-left:var(--wp--preset--spacing--50)\"><\/aside>\n\n\n\n<p><\/p>\n","protected":false},"excerpt":{"rendered":"<p>Entra\u00eeneurs, rassemblons-nous au sein de l\u2019AFED ! Rejoignez l&rsquo;AFED pour \u00eatre inform\u00e9s, accompagn\u00e9s et repr\u00e9sent\u00e9s.Nous faisons tous face, dans nos structures, aux m\u00eames difficult\u00e9s et aux m\u00eames enjeux, souvent dans l&rsquo;isolement.Il est temps pour nous, professionnels du dressage, de\u00a0:Faire reconna\u00eetre notre profession,Renforcer la formation des entra\u00eeneurs,Faire entendre notre voix,Nous adapter ensembles aux \u00e9volutions de la [&hellip;]<\/p>\n","protected":false},"author":1,"featured_media":0,"parent":0,"menu_order":0,"comment_status":"closed","ping_status":"closed","template":"","meta":{"footnotes":""},"class_list":["post-7","page","type-page","status-publish","hentry"],"_links":{"self":[{"href":"https:\/\/a-f-e-d.fr\/index.php?rest_route=\/wp\/v2\/pages\/7","targetHints":{"allow":["GET"]}}],"collection":[{"href":"https:\/\/a-f-e-d.fr\/index.php?rest_route=\/wp\/v2\/pages"}],"about":[{"href":"https:\/\/a-f-e-d.fr\/index.php?rest_route=\/wp\/v2\/types\/page"}],"author":[{"embeddable":true,"href":"https:\/\/a-f-e-d.fr\/index.php?rest_route=\/wp\/v2\/users\/1"}],"replies":[{"embeddable":true,"href":"https:\/\/a-f-e-d.fr\/index.php?rest_route=%2Fwp%2Fv2%2Fcomments&post=7"}],"version-history":[{"count":8,"href":"https:\/\/a-f-e-d.fr\/index.php?rest_route=\/wp\/v2\/pages\/7\/revisions"}],"predecessor-version":[{"id":84,"href":"https:\/\/a-f-e-d.fr\/index.php?rest_route=\/wp\/v2\/pages\/7\/revisions\/84"}],"wp:attachment":[{"href":"https:\/\/a-f-e-d.fr\/index.php?rest_route=%2Fwp%2Fv2%2Fmedia&parent=7"}],"curies":[{"name":"wp","href":"https:\/\/api.w.org\/{rel}","templated":true}]}}