{"id":34,"date":"2025-12-06T20:34:59","date_gmt":"2025-12-06T20:34:59","guid":{"rendered":"https:\/\/a-f-e-d.fr\/?page_id=34"},"modified":"2026-01-07T15:16:09","modified_gmt":"2026-01-07T15:16:09","slug":"adhesion","status":"publish","type":"page","link":"https:\/\/a-f-e-d.fr\/?page_id=34","title":{"rendered":"ADHESION"},"content":{"rendered":"\n<p>Pour ADH\u00c9RER, vous pouvez soit:<\/p>\n\n\n\n<ul class=\"wp-block-list\">\n<li>envoyer par la poste un bulletin d&rsquo;adh\u00e9sion papier (\u00e0 t\u00e9l\u00e9charger ci dessous) avec un ch\u00e8que bancaire,<\/li>\n\n\n\n<li>remplir le formulaire en ligne ci dessous et l&rsquo;accompagner d&rsquo;un r\u00e8glement:\n<ul class=\"wp-block-list\">\n<li>par virement bancaire<\/li>\n\n\n\n<li>par carte bancaire en cliquant sur le lien <strong><em><mark style=\"background-color:rgba(0, 0, 0, 0)\" class=\"has-inline-color has-ast-global-color-3-color\">A<\/mark>dh\u00e9rer<\/em><\/strong> situ\u00e9 en bas de page (site HELLOASSO)<\/li>\n<\/ul>\n<\/li>\n\n\n\n<li>nous contacter par mail<\/li>\n<\/ul>\n\n\n\n<p><\/p>\n\n\n<style id=\"wpforms-css-vars-30-block-a0ff4459-4675-4804-8b8d-8a4c51a2915a\">\n\t\t\t\t#wpforms-30.wpforms-block-a0ff4459-4675-4804-8b8d-8a4c51a2915a {\n\t\t\t\t--wpforms-field-size-input-height: 43px;\n--wpforms-field-size-input-spacing: 15px;\n--wpforms-field-size-font-size: 16px;\n--wpforms-field-size-line-height: 19px;\n--wpforms-field-size-padding-h: 14px;\n--wpforms-field-size-checkbox-size: 16px;\n--wpforms-field-size-sublabel-spacing: 5px;\n--wpforms-field-size-icon-size: 1;\n--wpforms-label-size-font-size: 16px;\n--wpforms-label-size-line-height: 19px;\n--wpforms-label-size-sublabel-font-size: 14px;\n--wpforms-label-size-sublabel-line-height: 17px;\n--wpforms-button-size-font-size: 17px;\n--wpforms-button-size-height: 41px;\n--wpforms-button-size-padding-h: 15px;\n--wpforms-button-size-margin-top: 10px;\n\t\t\t}\n\t\t\t<\/style><div class=\"wpforms-container wpforms-container-full wpforms-block wpforms-block-a0ff4459-4675-4804-8b8d-8a4c51a2915a wpforms-render-modern\" id=\"wpforms-30\"><form id=\"wpforms-form-30\" class=\"wpforms-validate wpforms-form wpforms-ajax-form\" data-formid=\"30\" method=\"post\" enctype=\"multipart\/form-data\" action=\"\/index.php?rest_route=%2Fwp%2Fv2%2Fpages%2F34\" data-token=\"c06b1b8cf02b36e985eaf0a4ca55e831\" data-token-time=\"1775561675\"><noscript class=\"wpforms-error-noscript\">Veuillez activer JavaScript dans votre navigateur pour remplir ce formulaire.<\/noscript><div id=\"wpforms-error-noscript\" style=\"display: none;\">Veuillez activer JavaScript dans votre navigateur pour remplir ce formulaire.<\/div><div class=\"wpforms-field-container\"><div id=\"wpforms-30-field_12-container\" class=\"wpforms-field wpforms-field-name\" data-field-id=\"12\"><fieldset><legend class=\"wpforms-field-label\">Nom <span class=\"wpforms-required-label\" aria-hidden=\"true\">*<\/span><\/legend><div class=\"wpforms-field-row wpforms-field-medium\"><div class=\"wpforms-field-row-block wpforms-first wpforms-one-half\"><input type=\"text\" id=\"wpforms-30-field_12\" class=\"wpforms-field-name-first wpforms-field-required\" name=\"wpforms[fields][12][first]\" aria-errormessage=\"wpforms-30-field_12-error\" required><label for=\"wpforms-30-field_12\" class=\"wpforms-field-sublabel after\">Pr\u00e9nom<\/label><\/div><div class=\"wpforms-field-row-block wpforms-one-half\"><input type=\"text\" id=\"wpforms-30-field_12-last\" class=\"wpforms-field-name-last wpforms-field-required\" name=\"wpforms[fields][12][last]\" aria-errormessage=\"wpforms-30-field_12-last-error\" required><label for=\"wpforms-30-field_12-last\" class=\"wpforms-field-sublabel after\">Nom<\/label><\/div><\/div><\/fieldset><\/div><div id=\"wpforms-30-field_13-container\" class=\"wpforms-field wpforms-field-text\" data-field-id=\"13\"><label class=\"wpforms-field-label\" for=\"wpforms-30-field_13\">N\u00b0 licence FFE <span class=\"wpforms-required-label\" aria-hidden=\"true\">*<\/span><\/label><input type=\"text\" id=\"wpforms-30-field_13\" class=\"wpforms-field-medium wpforms-field-required\" name=\"wpforms[fields][13]\" aria-errormessage=\"wpforms-30-field_13-error\" required><\/div><div id=\"wpforms-30-field_14-container\" class=\"wpforms-field wpforms-field-text\" data-field-id=\"14\"><label class=\"wpforms-field-label\" for=\"wpforms-30-field_14\">Date de Naissance <span class=\"wpforms-required-label\" aria-hidden=\"true\">*<\/span><\/label><input type=\"text\" id=\"wpforms-30-field_14\" class=\"wpforms-field-medium wpforms-field-required\" name=\"wpforms[fields][14]\" aria-errormessage=\"wpforms-30-field_14-error\" required><\/div><div id=\"wpforms-30-field_15-container\" class=\"wpforms-field wpforms-field-textarea\" data-field-id=\"15\"><label class=\"wpforms-field-label\" for=\"wpforms-30-field_15\">Adresse postale <span class=\"wpforms-required-label\" aria-hidden=\"true\">*<\/span><\/label><textarea id=\"wpforms-30-field_15\" class=\"wpforms-field-medium wpforms-field-required\" name=\"wpforms[fields][15]\" aria-errormessage=\"wpforms-30-field_15-error\" required><\/textarea><\/div><div id=\"wpforms-30-field_16-container\" class=\"wpforms-field wpforms-field-text\" data-field-id=\"16\"><label class=\"wpforms-field-label\" for=\"wpforms-30-field_16\">Telephone portable <span class=\"wpforms-required-label\" aria-hidden=\"true\">*<\/span><\/label><input type=\"text\" id=\"wpforms-30-field_16\" class=\"wpforms-field-medium wpforms-field-required\" name=\"wpforms[fields][16]\" aria-errormessage=\"wpforms-30-field_16-error\" required><\/div><div id=\"wpforms-30-field_17-container\" class=\"wpforms-field wpforms-field-email\" data-field-id=\"17\"><label class=\"wpforms-field-label\" for=\"wpforms-30-field_17\">E-mail <span class=\"wpforms-required-label\" aria-hidden=\"true\">*<\/span><\/label><input type=\"email\" id=\"wpforms-30-field_17\" class=\"wpforms-field-medium wpforms-field-required\" name=\"wpforms[fields][17]\" spellcheck=\"false\" aria-errormessage=\"wpforms-30-field_17-error\" required><\/div><div id=\"wpforms-30-field_18-container\" class=\"wpforms-field wpforms-field-select wpforms-field-select-style-classic\" data-field-id=\"18\"><label class=\"wpforms-field-label\" for=\"wpforms-30-field_18\">Qualification \/ Diplome<\/label><select id=\"wpforms-30-field_18\" class=\"wpforms-field-medium\" name=\"wpforms[fields][18]\"><option value=\"DEJEPS\"  selected='selected' class=\"choice-1 depth-1\"  >DEJEPS<\/option><option value=\"DESJEPS\"  class=\"choice-2 depth-1\"  >DESJEPS<\/option><option value=\"BEES 1\"  class=\"choice-3 depth-1\"  >BEES 1<\/option><option value=\"BEES 2\"  class=\"choice-6 depth-1\"  >BEES 2<\/option><option value=\"BEES 3\"  class=\"choice-7 depth-1\"  >BEES 3<\/option><option value=\"BPJEPS\"  class=\"choice-4 depth-1\"  >BPJEPS<\/option><option value=\"AUTRE\"  class=\"choice-5 depth-1\"  >AUTRE<\/option><\/select><div id=\"wpforms-30-field_18-description\" class=\"wpforms-field-description\">PRECISER\n<\/div><\/div><div id=\"wpforms-30-field_19-container\" class=\"wpforms-field wpforms-field-select wpforms-field-select-style-classic\" data-field-id=\"19\"><label class=\"wpforms-field-label\" for=\"wpforms-30-field_19\">Membre<\/label><select id=\"wpforms-30-field_19\" class=\"wpforms-field-medium\" name=\"wpforms[fields][19]\"><option value=\"Actif (40e)\"  selected='selected' class=\"choice-1 depth-1\"  >Actif (40e)<\/option><option value=\"Associ\u00e9 (40e)\"  class=\"choice-2 depth-1\"  >Associ\u00e9 (40e)<\/option><option value=\"Bienfaiteur (200e)\"  class=\"choice-3 depth-1\"  >Bienfaiteur (200e)<\/option><\/select><\/div><div id=\"wpforms-30-field_20-container\" class=\"wpforms-field wpforms-field-radio\" data-field-id=\"20\"><fieldset><legend class=\"wpforms-field-label\">Mode de R\u00eaglement<\/legend><ul id=\"wpforms-30-field_20\"><li class=\"choice-1 depth-1\"><input type=\"radio\" id=\"wpforms-30-field_20_1\" name=\"wpforms[fields][20]\" value=\"Cheque par courrier\" aria-errormessage=\"wpforms-30-field_20_1-error\"  ><label class=\"wpforms-field-label-inline\" for=\"wpforms-30-field_20_1\">Cheque par courrier<\/label><\/li><li class=\"choice-2 depth-1 wpforms-selected\"><input type=\"radio\" id=\"wpforms-30-field_20_2\" name=\"wpforms[fields][20]\" value=\"Virement Bancaire\" aria-errormessage=\"wpforms-30-field_20_2-error\"   checked='checked'><label class=\"wpforms-field-label-inline\" for=\"wpforms-30-field_20_2\">Virement Bancaire<\/label><\/li><\/ul><\/fieldset><\/div><\/div><!-- .wpforms-field-container --><div class=\"wpforms-submit-container\" ><input type=\"hidden\" name=\"wpforms[id]\" value=\"30\"><input type=\"hidden\" name=\"page_title\" value=\"\"><input type=\"hidden\" name=\"page_url\" value=\"https:\/\/a-f-e-d.fr\/index.php?rest_route=\/wp\/v2\/pages\/34\"><input type=\"hidden\" name=\"url_referer\" value=\"\"><button type=\"submit\" name=\"wpforms[submit]\" id=\"wpforms-submit-30\" class=\"wpforms-submit\" data-alt-text=\"Envoi...\" data-submit-text=\"Envoyer\" aria-live=\"assertive\" value=\"wpforms-submit\">Envoyer<\/button><img loading=\"lazy\" decoding=\"async\" src=\"https:\/\/a-f-e-d.fr\/wp-content\/plugins\/wpforms-lite\/assets\/images\/submit-spin.svg\" class=\"wpforms-submit-spinner\" style=\"display: none;\" width=\"26\" height=\"26\" alt=\"Chargement en cours\"><\/div><\/form><\/div>  <!-- .wpforms-container -->\n\n\n<iframe id=\"haWidget\" allowtransparency=\"true\" src=\"https:\/\/www.helloasso.com\/associations\/association-francaise-des-entraineurs-de-dressage-afed\/adhesions\/adhesion-afed\/widget-bouton\" style=\"width: 100%; height: 70px; border: none;\" onload=\"window.addEventListener( 'message', function(e) { const dataHeight = e.data.height; const haWidgetElement = document.getElementById('haWidget'); haWidgetElement.height = dataHeight + 'px'; } )\" ><\/iframe>\n\n\n\n<div data-wp-interactive=\"core\/file\" class=\"wp-block-file\"><object data-wp-bind--hidden=\"!state.hasPdfPreview\" hidden class=\"wp-block-file__embed\" data=\"https:\/\/a-f-e-d.fr\/wp-content\/uploads\/2026\/01\/FLYER-BULLETIN-V1.pdf\" type=\"application\/pdf\" style=\"width:100%;height:600px\" aria-label=\"Contenu embarqu\u00e9 FLYER BULLETIN V1.\"><\/object><a id=\"wp-block-file--media-1505244e-fa34-4277-aceb-45040f035f61\" href=\"https:\/\/a-f-e-d.fr\/wp-content\/uploads\/2026\/01\/FLYER-BULLETIN-V1.pdf\">FLYER BULLETIN V1<\/a><a href=\"https:\/\/a-f-e-d.fr\/wp-content\/uploads\/2026\/01\/FLYER-BULLETIN-V1.pdf\" class=\"wp-block-file__button wp-element-button\" download aria-describedby=\"wp-block-file--media-1505244e-fa34-4277-aceb-45040f035f61\">T\u00e9l\u00e9charger<\/a><\/div>\n\n\n\n<div class=\"wp-block-media-text is-stacked-on-mobile\"><figure class=\"wp-block-media-text__media\"><img loading=\"lazy\" decoding=\"async\" width=\"225\" height=\"225\" src=\"https:\/\/a-f-e-d.fr\/wp-content\/uploads\/2025\/12\/image.png\" alt=\"\" class=\"wp-image-69 size-full\" srcset=\"https:\/\/a-f-e-d.fr\/wp-content\/uploads\/2025\/12\/image.png 225w, https:\/\/a-f-e-d.fr\/wp-content\/uploads\/2025\/12\/image-150x150.png 150w\" sizes=\"auto, (max-width: 225px) 100vw, 225px\" \/><\/figure><div class=\"wp-block-media-text__content\">\n<p class=\"has-medium-font-size\" style=\"border-style:none;border-width:0px\">ADRESSE POSTALE:<\/p>\n\n\n\n<p class=\"has-medium-font-size\" style=\"border-style:none;border-width:0px\">A.F.E.D.<\/p>\n\n\n\n<p class=\"has-medium-font-size\" style=\"border-style:none;border-width:0px\">7 RUE DU PAVILLON<\/p>\n\n\n\n<p class=\"has-medium-font-size\" style=\"border-style:none;border-width:0px\">49400 SAUMUR<\/p>\n\n\n\n<p class=\"has-medium-font-size\" style=\"border-style:none;border-width:0px\">siret: 994 803 690 00019<\/p>\n\n\n\n<p class=\"has-medium-font-size\" style=\"border-style:none;border-width:0px\">RNA: W493009015<\/p>\n\n\n\n<p class=\"has-medium-font-size\" style=\"border-style:none;border-width:0px\">IBAN: FR76 1790 6000 3296 4400 5116 019<\/p>\n\n\n\n<p class=\"has-medium-font-size\" style=\"border-style:none;border-width:0px\">BIC: AGRIFRPP879<\/p>\n\n\n\n<p><\/p>\n<\/div><\/div>\n","protected":false},"excerpt":{"rendered":"<p>Pour ADH\u00c9RER, vous pouvez soit: ADRESSE POSTALE: A.F.E.D. 7 RUE DU PAVILLON 49400 SAUMUR siret: 994 803 690 00019 RNA: W493009015 IBAN: FR76 1790 6000 3296 4400 5116 019 BIC: AGRIFRPP879<\/p>\n","protected":false},"author":1,"featured_media":0,"parent":0,"menu_order":1,"comment_status":"closed","ping_status":"closed","template":"","meta":{"footnotes":""},"class_list":["post-34","page","type-page","status-publish","hentry"],"_links":{"self":[{"href":"https:\/\/a-f-e-d.fr\/index.php?rest_route=\/wp\/v2\/pages\/34","targetHints":{"allow":["GET"]}}],"collection":[{"href":"https:\/\/a-f-e-d.fr\/index.php?rest_route=\/wp\/v2\/pages"}],"about":[{"href":"https:\/\/a-f-e-d.fr\/index.php?rest_route=\/wp\/v2\/types\/page"}],"author":[{"embeddable":true,"href":"https:\/\/a-f-e-d.fr\/index.php?rest_route=\/wp\/v2\/users\/1"}],"replies":[{"embeddable":true,"href":"https:\/\/a-f-e-d.fr\/index.php?rest_route=%2Fwp%2Fv2%2Fcomments&post=34"}],"version-history":[{"count":11,"href":"https:\/\/a-f-e-d.fr\/index.php?rest_route=\/wp\/v2\/pages\/34\/revisions"}],"predecessor-version":[{"id":110,"href":"https:\/\/a-f-e-d.fr\/index.php?rest_route=\/wp\/v2\/pages\/34\/revisions\/110"}],"wp:attachment":[{"href":"https:\/\/a-f-e-d.fr\/index.php?rest_route=%2Fwp%2Fv2%2Fmedia&parent=34"}],"curies":[{"name":"wp","href":"https:\/\/api.w.org\/{rel}","templated":true}]}}