{"id":15,"date":"2025-12-06T20:34:02","date_gmt":"2025-12-06T20:34:02","guid":{"rendered":"https:\/\/a-f-e-d.fr\/?page_id=15"},"modified":"2025-12-06T20:38:58","modified_gmt":"2025-12-06T20:38:58","slug":"la-structure-de-lassociation","status":"publish","type":"page","link":"https:\/\/a-f-e-d.fr\/?page_id=15","title":{"rendered":"LA STRUCTURE DE L&rsquo;ASSOCIATION"},"content":{"rendered":"\n<div class=\"wp-block-media-text is-stacked-on-mobile\"><figure class=\"wp-block-media-text__media\"><img loading=\"lazy\" decoding=\"async\" width=\"311\" height=\"162\" src=\"https:\/\/a-f-e-d.fr\/wp-content\/uploads\/2025\/12\/image-2.jpg\" alt=\"\" class=\"wp-image-16 size-full\" srcset=\"https:\/\/a-f-e-d.fr\/wp-content\/uploads\/2025\/12\/image-2.jpg 311w, https:\/\/a-f-e-d.fr\/wp-content\/uploads\/2025\/12\/image-2-300x156.jpg 300w\" sizes=\"auto, (max-width: 311px) 100vw, 311px\" \/><\/figure><div class=\"wp-block-media-text__content\">\n<p>LE BUREAU NATIONAL:<\/p>\n\n\n\n<p>Pr\u00e9sident: Alain FRANCQUEVILLE<\/p>\n\n\n\n<p>Vice Pr\u00e9sidente: Nicole FAVEREAU<\/p>\n\n\n\n<p>Secr\u00e9taire: Nicolas COMMENGE<\/p>\n\n\n\n<p>Tr\u00e9sori\u00e8re: Evelyne FLECK<\/p>\n\n\n\n<p><\/p>\n<\/div><\/div>\n\n\n\n<div class=\"wp-block-media-text is-stacked-on-mobile\"><figure class=\"wp-block-media-text__media\"><img loading=\"lazy\" decoding=\"async\" width=\"275\" height=\"183\" src=\"https:\/\/a-f-e-d.fr\/wp-content\/uploads\/2025\/12\/image-3.jpg\" alt=\"\" class=\"wp-image-17 size-full\"\/><\/figure><div class=\"wp-block-media-text__content\">\n<p>NOS CORRESPONDANTS REGIONAUX:<\/p>\n\n\n\n<ol class=\"wp-block-list\">\n<li>Auvergne-Rh\u00f4ne-Alpes<\/li>\n\n\n\n<li>Bourgogne-Franche-Comt\u00e9<\/li>\n\n\n\n<li>Bretagne<\/li>\n\n\n\n<li>Centre-Val de Loire<\/li>\n\n\n\n<li>Grand Est<\/li>\n\n\n\n<li>Hauts-de-France<\/li>\n\n\n\n<li>\u00cele-de-France coup\u00e9e en 4<\/li>\n\n\n\n<li>Normandie<\/li>\n\n\n\n<li>Nouvelle-Aquitaine<\/li>\n\n\n\n<li>Occitanie<\/li>\n\n\n\n<li>Pays de la Loire<\/li>\n\n\n\n<li>Provence-Alpes-C\u00f4te d&rsquo;Azur<\/li>\n\n\n\n<li>Corse <\/li>\n\n\n\n<li>R\u00e9gions ultramarines :<br>Guadeloupe<br>Martinique<br> Guyane<br>La R\u00e9union<br>Mayotte<br><\/li>\n<\/ol>\n<\/div><\/div>\n","protected":false},"excerpt":{"rendered":"<p>LE BUREAU NATIONAL: Pr\u00e9sident: Alain FRANCQUEVILLE Vice Pr\u00e9sidente: Nicole FAVEREAU Secr\u00e9taire: Nicolas COMMENGE Tr\u00e9sori\u00e8re: Evelyne FLECK<\/p>\n","protected":false},"author":1,"featured_media":0,"parent":0,"menu_order":3,"comment_status":"closed","ping_status":"closed","template":"","meta":{"footnotes":""},"class_list":["post-15","page","type-page","status-publish","hentry"],"_links":{"self":[{"href":"https:\/\/a-f-e-d.fr\/index.php?rest_route=\/wp\/v2\/pages\/15","targetHints":{"allow":["GET"]}}],"collection":[{"href":"https:\/\/a-f-e-d.fr\/index.php?rest_route=\/wp\/v2\/pages"}],"about":[{"href":"https:\/\/a-f-e-d.fr\/index.php?rest_route=\/wp\/v2\/types\/page"}],"author":[{"embeddable":true,"href":"https:\/\/a-f-e-d.fr\/index.php?rest_route=\/wp\/v2\/users\/1"}],"replies":[{"embeddable":true,"href":"https:\/\/a-f-e-d.fr\/index.php?rest_route=%2Fwp%2Fv2%2Fcomments&post=15"}],"version-history":[{"count":1,"href":"https:\/\/a-f-e-d.fr\/index.php?rest_route=\/wp\/v2\/pages\/15\/revisions"}],"predecessor-version":[{"id":18,"href":"https:\/\/a-f-e-d.fr\/index.php?rest_route=\/wp\/v2\/pages\/15\/revisions\/18"}],"wp:attachment":[{"href":"https:\/\/a-f-e-d.fr\/index.php?rest_route=%2Fwp%2Fv2%2Fmedia&parent=15"}],"curies":[{"name":"wp","href":"https:\/\/api.w.org\/{rel}","templated":true}]}}